{"id":35,"date":"2013-05-10T18:27:51","date_gmt":"2013-05-10T16:27:51","guid":{"rendered":"http:\/\/www.modelklubmb54.cz\/?page_id=35"},"modified":"2021-05-24T21:56:48","modified_gmt":"2021-05-24T19:56:48","slug":"letovy-a-provozni-rad-letiste-bradlec","status":"publish","type":"page","link":"https:\/\/www.modelklubmb54.cz\/?page_id=35","title":{"rendered":"Leti\u0161\u0165n\u00ed \u0159\u00e1d"},"content":{"rendered":"<p>Leti\u0161t\u011b je vyu\u017e\u00edv\u00e1no se souhlasem majitele, na pozemku soukrom\u00e9 osoby. Provoz je kontrolov\u00e1n a \u0159\u00edzen \u010dleny <strong>Model klub Mlad\u00e1 Boleslav, p.s. (d\u00e1le MK)<\/strong><\/p>\n<p><strong>\u010clenov\u00e9 MK:<\/strong><\/p>\n<ul>\n<li>udr\u017euj\u00ed plochu<\/li>\n<li>organizuj\u00ed a \u0159\u00edd\u00ed tr\u00e9ninkov\u00e9 lety<\/li>\n<li>zodpov\u00eddaj\u00ed za dodr\u017eov\u00e1n\u00ed z\u00e1sad bezpe\u010dn\u00e9ho l\u00e9t\u00e1n\u00ed a slu\u0161n\u00e9ho chov\u00e1n\u00ed<\/li>\n<li>zodpov\u00eddaj\u00ed za neru\u0161en\u00ed soukrom\u00ed obyvatel v\u00a0bl\u00edzk\u00e9m okol\u00ed<\/li>\n<li>organizuj\u00ed l\u00e9t\u00e1n\u00ed tak, aby nebyl ohro\u017een majetek a zdrav\u00ed z\u00fa\u010dastn\u011bn\u00fdch a obyvatel\u016f okoln\u00edch dom\u016f<\/li>\n<\/ul>\n<p><strong>Host\u00e9 MK:<\/strong><\/p>\n<ul>\n<li>mohou l\u00e9tat pouze za p\u0159\u00edtomnost \u010dlena MK a to, po sezn\u00e1men\u00ed se s\u00a0leti\u0161tn\u00edm \u0159\u00e1dem (ka\u017ed\u00fd \u010dlen klubu zodpov\u00edd\u00e1 za sv\u00e9ho hosta)<\/li>\n<li>\u0158\u00edd\u00ed se pokyny \u010dlen\u016f klubu, kte\u0159\u00ed maj\u00ed pr\u00e1vo p\u0159i hrub\u00e9m poru\u0161en\u00ed pravidel l\u00e9t\u00e1n\u00ed n\u00e1v\u0161t\u011bvn\u00edka z\u00a0leti\u0161t\u011b vyk\u00e1zat, pop\u0159. p\u0159ivolat policii \u010cR<\/li>\n<\/ul>\n<p>Pro organizovan\u00e9 model\u00e1\u0159e plat\u00ed r\u00e1mcov\u00e9 poji\u0161t\u011bn\u00ed \u010cMS, pro neorganizovan\u00e9 (hosty) je \u017e\u00e1douc\u00ed si odpov\u00eddaj\u00edc\u00ed poji\u0161t\u011bn\u00ed zajistit ve vlastn\u00ed re\u017eii.<\/p>\n<h2>Pravidla tr\u00e9ninkov\u00e9ho l\u00e9t\u00e1n\u00ed:<\/h2>\n<p>Provozn\u00ed doba leti\u0161t\u011b Valy:<\/p>\n<p>Po-P\u00e1:\u00a0\u00a0\u00a0\u00a0\u00a0\u00a0\u00a0\u00a0\u00a0 08:00 \u2013 20:00<\/p>\n<p>So:\u00a0\u00a0\u00a0\u00a0\u00a0\u00a0\u00a0\u00a0\u00a0\u00a0\u00a0\u00a0\u00a0\u00a0 09:00 \u2013 20:00<\/p>\n<p>Ne:\u00a0\u00a0\u00a0\u00a0\u00a0\u00a0\u00a0\u00a0\u00a0\u00a0\u00a0\u00a0\u00a0\u00a0 10:00 \u2013 18:00<\/p>\n<p>Modely s\u00a0elektrick\u00fdm pohonem, lze provozovat bez omezen\u00ed (pro hlu\u010dn\u00e9 el. modely jako jsou velk\u00e9 vrtuln\u00edky, turb\u00edny atd. plat\u00ed provozn\u00ed doba leti\u0161\u0165).<\/p>\n<p>Doporu\u010den\u00fd letov\u00fd prostor je ve sm\u011bru upraven\u00e9 startovac\u00ed dr\u00e1hy.<\/p>\n<p>Ka\u017ed\u00fd \u00fa\u010dastn\u00edk je povinen se p\u0159ed zapnut\u00ed vys\u00edla\u010de p\u0159esv\u011bd\u010dit o voln\u00e9m p\u00e1smu a kan\u00e1lu a dohodne si po\u0159ad\u00ed letu. V\u00a0p\u0159\u00edpad\u011b kluz\u00e1k\u016f, aerovlak\u016f, nebo el. model\u016f m\u016f\u017ee b\u00fdt po dohod\u011b pilot\u016f provozov\u00e1no i v\u00edce model\u016f. V\u00a0takov\u00e9m p\u0159\u00edpad\u011b, mus\u00ed st\u00e1t piloti co nejbl\u00ed\u017ee u sebe a upozornit d\u016frazn\u011b ostatn\u00ed piloty o \u00famyslu startovat, nebo p\u0159ist\u00e1t.<\/p>\n<p>P\u0159\u00edpravu modelu a pozemn\u00ed zkou\u0161ky mus\u00ed model\u00e1\u0159 prov\u00e1d\u011bt tak, aby nebylo ohro\u017eeno zdrav\u00ed a majetek ostatn\u00edch model\u00e1\u0159\u016f a div\u00e1k\u016f.<\/p>\n<p>Je zak\u00e1z\u00e1no l\u00e9tat nad obytnou z\u00e1stavbou, div\u00e1ky a parkuj\u00edc\u00edmi automobily.<\/p>\n<p>Model\u00e1\u0159 \u2013 za\u010d\u00e1te\u010dn\u00edk m\u00e1 pr\u00e1vo po\u017e\u00e1dat o voln\u00fd letov\u00fd prostor a sm\u00ed l\u00e9tat pouze pod dohledem zku\u0161en\u00e9ho kolegy.<\/p>\n<p>P\u0159i provozu modelu je zak\u00e1z\u00e1no vstupovat do dr\u00e1hy jin\u00fdm osob\u00e1m krom pilota-pilot\u016f, nebo pomocn\u00edk\u016f.<\/p>\n<p>Je p\u0159\u00edsn\u011b zak\u00e1z\u00e1no voln\u00e9 pob\u00edh\u00e1n\u00ed ps\u016f.<\/p>\n<p>Za nezletil\u00e9 zodpov\u00edd\u00e1 jejich z\u00e1konn\u00fd z\u00e1stupce.<\/p>\n<p>Modely se spalovac\u00edm motorem mus\u00ed b\u00fdt vybaveny \u00fa\u010dinn\u00fdm v\u00fdfukov\u00fdm syst\u00e9mem tak, aby bylo zabr\u00e1n\u011bno nadm\u011brn\u00e9mu hlukov\u00e9mu zat\u00ed\u017een\u00ed p\u0159ilehl\u00e9ho okol\u00ed.<\/p>\n<p>Ka\u017ed\u00fd u\u017eivatel model\u00e1\u0159sk\u00e9ho are\u00e1lu je povinen udr\u017eovat \u010distotu a po\u0159\u00e1dek a nejezdit po plo\u0161e autem a parkovat ve vyhrazen\u00e9m prostoru.<\/p>\n<p>Opakovan\u00e9 poru\u0161ov\u00e1n\u00ed pravidel pro tr\u00e9ninkov\u00e9 l\u00e9t\u00e1n\u00ed bude posuzov\u00e1no jako letov\u00e1 nek\u00e1ze\u0148 a bude penalizov\u00e1na p\u0159\u00edpadn\u011b z\u00e1kazem l\u00e9t\u00e1n\u00ed.<\/p>\n<p>Ka\u017ed\u00fd \u00fa\u010dastn\u00edk odpov\u00edd\u00e1 za \u0161kody zp\u016fsoben\u00e9 b\u011bhem sv\u00e9 \u010dinnosti, a to jak na osob\u00e1ch, tak i na majetku<\/p>\n<p>Leti\u0161\u0165n\u00ed \u0159\u00e1d ke sta\u017een\u00ed zde: <a href=\"http:\/\/www.modelklubmb54.cz\/wp-content\/uploads\/2013\/05\/Leti\u0161tn\u00ed_\u0159\u00e1d_170313_v3_final.pdf\">Leti\u0161tn\u00ed_\u0159\u00e1d_170330<\/a><\/p>\n<p>Platn\u00e9 od: 30.3.2017<\/p>\n","protected":false},"excerpt":{"rendered":"<p>Leti\u0161t\u011b je vyu\u017e\u00edv\u00e1no se souhlasem majitele, na pozemku soukrom\u00e9 osoby. Provoz je kontrolov\u00e1n a \u0159\u00edzen \u010dleny Model klub Mlad\u00e1 Boleslav, p.s. (d\u00e1le MK) \u010clenov\u00e9 MK: udr\u017euj\u00ed plochu organizuj\u00ed a \u0159\u00edd\u00ed tr\u00e9ninkov\u00e9 lety zodpov\u00eddaj\u00ed za dodr\u017eov\u00e1n\u00ed z\u00e1sad bezpe\u010dn\u00e9ho l\u00e9t\u00e1n\u00ed a slu\u0161n\u00e9ho &hellip; <a href=\"https:\/\/www.modelklubmb54.cz\/?page_id=35\">Cel\u00fd p\u0159\u00edsp\u011bvek <span class=\"meta-nav\">&rarr;<\/span><\/a><\/p>\n","protected":false},"author":3,"featured_media":0,"parent":0,"menu_order":4,"comment_status":"closed","ping_status":"closed","template":"sidebar-page.php","meta":{"_bbp_topic_count":0,"_bbp_reply_count":0,"_bbp_total_topic_count":0,"_bbp_total_reply_count":0,"_bbp_voice_count":0,"_bbp_anonymous_reply_count":0,"_bbp_topic_count_hidden":0,"_bbp_reply_count_hidden":0,"_bbp_forum_subforum_count":0,"_s2mail":"yes","spay_email":""},"jetpack_sharing_enabled":true,"_links":{"self":[{"href":"https:\/\/www.modelklubmb54.cz\/index.php?rest_route=\/wp\/v2\/pages\/35"}],"collection":[{"href":"https:\/\/www.modelklubmb54.cz\/index.php?rest_route=\/wp\/v2\/pages"}],"about":[{"href":"https:\/\/www.modelklubmb54.cz\/index.php?rest_route=\/wp\/v2\/types\/page"}],"author":[{"embeddable":true,"href":"https:\/\/www.modelklubmb54.cz\/index.php?rest_route=\/wp\/v2\/users\/3"}],"replies":[{"embeddable":true,"href":"https:\/\/www.modelklubmb54.cz\/index.php?rest_route=%2Fwp%2Fv2%2Fcomments&post=35"}],"version-history":[{"count":19,"href":"https:\/\/www.modelklubmb54.cz\/index.php?rest_route=\/wp\/v2\/pages\/35\/revisions"}],"predecessor-version":[{"id":3863,"href":"https:\/\/www.modelklubmb54.cz\/index.php?rest_route=\/wp\/v2\/pages\/35\/revisions\/3863"}],"wp:attachment":[{"href":"https:\/\/www.modelklubmb54.cz\/index.php?rest_route=%2Fwp%2Fv2%2Fmedia&parent=35"}],"curies":[{"name":"wp","href":"https:\/\/api.w.org\/{rel}","templated":true}]}}