{"id":2108,"date":"2017-02-20T21:33:10","date_gmt":"2017-02-20T20:33:10","guid":{"rendered":"http:\/\/www.modelklubmb54.cz\/?page_id=2108"},"modified":"2025-01-20T19:29:47","modified_gmt":"2025-01-20T18:29:47","slug":"kalendar-akci","status":"publish","type":"page","link":"https:\/\/www.modelklubmb54.cz\/?page_id=2108","title":{"rendered":"Kalend\u00e1\u0159 akc\u00ed 2025"},"content":{"rendered":"<h1><strong>DATUM\u00a0\u00a0\u00a0\u00a0\u00a0\u00a0\u00a0\u00a0\u00a0\u00a0\u00a0\u00a0\u00a0\u00a0\u00a0\u00a0\u00a0\u00a0\u00a0\u00a0\u00a0\u00a0\u00a0\u00a0 AKCE\u00a0\u00a0\u00a0\u00a0 \u00a0\u00a0\u00a0\u00a0\u00a0\u00a0\u00a0\u00a0\u00a0\u00a0\u00a0\u00a0\u00a0\u00a0\u00a0\u00a0\u00a0 M\u00cdSTO \/ PODROBNOSTI<\/strong><\/h1>\n<p><span style=\"color: #808080;\"><span style=\"color: #000000;\"><strong>xx.03.2025 \u00a0\u00a0\u00a0\u00a0\u00a0 \u00a0\u00a0\u00a0\u00a0 \u00a0 \u00a0 \u010clensk\u00e1 sch\u016fze\u00a0 \u00a0 \u00a0 \u00a0 \u00a0 \u00a0 \u00a0 \u00a0 \u00a0 \u00a0 \u00a0 tbd<\/strong><\/span><\/span><\/p>\n<p><strong>20.-22.6.2025 \u00a0 \u00a0 \u00a0 \u00a0 \u00a0\u00a0 Heli akce Katusice<\/strong>\u00a0 \u00a0 \u00a0 \u00a0 \u00a0 \u00a0 \u00a0 \u00a0\u00a0<strong>Katusice<\/strong><\/p>\n<p><span style=\"color: #000000;\"><strong>xx.11.2025\u00a0\u00a0\u00a0\u00a0\u00a0\u00a0\u00a0\u00a0 \u00a0\u00a0\u00a0\u00a0 \u010clensk\u00e1 sch\u016fze\u00a0 \u00a0\u00a0\u00a0\u00a0\u00a0\u00a0\u00a0\u00a0\u00a0\u00a0\u00a0\u00a0\u00a0 \u00a0 \u00a0\u00a0 \u00a0\u00a0 tbd<br \/><\/strong><\/span><\/p>\n<p><span style=\"color: #000000;\">31.12.2025 \u00a0\u00a0\u00a0\u00a0\u00a0\u00a0\u00a0 \u00a0\u00a0 \u00a0\u00a0 Silvestrovsk\u00e9 pol\u00e9t\u00e1n\u00ed\u00a0 \u00a0 \u00a0 \u00a0 \u00a0 \u00a0 \u00a0 \u00a0 \u00a0 11:00hod<\/span><\/p>\n\n\n<p><\/p>\n","protected":false},"excerpt":{"rendered":"<p>DATUM\u00a0\u00a0\u00a0\u00a0\u00a0\u00a0\u00a0\u00a0\u00a0\u00a0\u00a0\u00a0\u00a0\u00a0\u00a0\u00a0\u00a0\u00a0\u00a0\u00a0\u00a0\u00a0\u00a0\u00a0 AKCE\u00a0\u00a0\u00a0\u00a0 \u00a0\u00a0\u00a0\u00a0\u00a0\u00a0\u00a0\u00a0\u00a0\u00a0\u00a0\u00a0\u00a0\u00a0\u00a0\u00a0\u00a0 M\u00cdSTO \/ PODROBNOSTI xx.03.2025 \u00a0\u00a0\u00a0\u00a0\u00a0 \u00a0\u00a0\u00a0\u00a0 \u00a0 \u00a0 \u010clensk\u00e1 sch\u016fze\u00a0 \u00a0 \u00a0 \u00a0 \u00a0 \u00a0 \u00a0 \u00a0 \u00a0 \u00a0 \u00a0 tbd 20.-22.6.2025 \u00a0 \u00a0 \u00a0 \u00a0 \u00a0\u00a0 Heli akce Katusice\u00a0 \u00a0 \u00a0 \u00a0 \u00a0 \u00a0 \u00a0 \u00a0\u00a0Katusice &hellip; <a href=\"https:\/\/www.modelklubmb54.cz\/?page_id=2108\">Cel\u00fd p\u0159\u00edsp\u011bvek <span class=\"meta-nav\">&rarr;<\/span><\/a><\/p>\n","protected":false},"author":12,"featured_media":0,"parent":0,"menu_order":8,"comment_status":"closed","ping_status":"closed","template":"sidebar-page.php","meta":{"_bbp_topic_count":0,"_bbp_reply_count":0,"_bbp_total_topic_count":0,"_bbp_total_reply_count":0,"_bbp_voice_count":0,"_bbp_anonymous_reply_count":0,"_bbp_topic_count_hidden":0,"_bbp_reply_count_hidden":0,"_bbp_forum_subforum_count":0,"_s2mail":"yes","spay_email":""},"jetpack_sharing_enabled":true,"_links":{"self":[{"href":"https:\/\/www.modelklubmb54.cz\/index.php?rest_route=\/wp\/v2\/pages\/2108"}],"collection":[{"href":"https:\/\/www.modelklubmb54.cz\/index.php?rest_route=\/wp\/v2\/pages"}],"about":[{"href":"https:\/\/www.modelklubmb54.cz\/index.php?rest_route=\/wp\/v2\/types\/page"}],"author":[{"embeddable":true,"href":"https:\/\/www.modelklubmb54.cz\/index.php?rest_route=\/wp\/v2\/users\/12"}],"replies":[{"embeddable":true,"href":"https:\/\/www.modelklubmb54.cz\/index.php?rest_route=%2Fwp%2Fv2%2Fcomments&post=2108"}],"version-history":[{"count":86,"href":"https:\/\/www.modelklubmb54.cz\/index.php?rest_route=\/wp\/v2\/pages\/2108\/revisions"}],"predecessor-version":[{"id":4311,"href":"https:\/\/www.modelklubmb54.cz\/index.php?rest_route=\/wp\/v2\/pages\/2108\/revisions\/4311"}],"wp:attachment":[{"href":"https:\/\/www.modelklubmb54.cz\/index.php?rest_route=%2Fwp%2Fv2%2Fmedia&parent=2108"}],"curies":[{"name":"wp","href":"https:\/\/api.w.org\/{rel}","templated":true}]}}