{"id":2057,"date":"2017-02-06T10:19:14","date_gmt":"2017-02-06T09:19:14","guid":{"rendered":"http:\/\/www.modelklubmb54.cz\/?page_id=2057"},"modified":"2020-12-06T21:55:09","modified_gmt":"2020-12-06T20:55:09","slug":"chci-se-stat-clenem","status":"publish","type":"page","link":"https:\/\/www.modelklubmb54.cz\/?page_id=2057","title":{"rendered":"Chci se st\u00e1t \u010dlenem"},"content":{"rendered":"<p>Pokud m\u00e1te z\u00e1jem st\u00e1t se nov\u00fdm \u010dlenem na\u0161eho klubu, vypln\u011bnou \u017e\u00e1dost &#8220;<a href=\"http:\/\/www.modelklubmb54.cz\/wp-content\/uploads\/2020\/12\/P\u0159ihl\u00e1\u0161kov\u00fd-formul\u00e1\u0159_201206_v1.pdf\">P\u0159ihl\u00e1\u0161kov\u00fd formul\u00e1\u0159<\/a>&#8221; a souhlas se zpracov\u00e1n\u00edm os. \u00fadaj\u016f &#8220;<a href=\"http:\/\/www.modelklubmb54.cz\/wp-content\/uploads\/2018\/11\/INFORMACE-a-SOUHLAS-ZOU.pdf\">INFORMACE-a-SOUHLAS-ZOU<\/a>&#8221; pos\u00edlejte na email: modelklubmb54 \u201ezavin\u00e1\u010d\u201c seznam \u201ete\u010dka\u201c cz.<\/p>\n<p>V p\u0159\u00edpad\u011b, \u017ee m\u00e1te jak\u00e9koliv dal\u0161\u00ed dotazy, obra\u0165te se pros\u00edm na uveden\u00fd email nebo kontaktujte p\u0159edsedu klubu:<\/p>\n<p><strong>Telefon:<\/strong> +420 603 486 553 (Tom\u00e1\u0161 Z\u00f6rkler)<\/p>\n","protected":false},"excerpt":{"rendered":"<p>Pokud m\u00e1te z\u00e1jem st\u00e1t se nov\u00fdm \u010dlenem na\u0161eho klubu, vypln\u011bnou \u017e\u00e1dost &#8220;P\u0159ihl\u00e1\u0161kov\u00fd formul\u00e1\u0159&#8221; a souhlas se zpracov\u00e1n\u00edm os. \u00fadaj\u016f &#8220;INFORMACE-a-SOUHLAS-ZOU&#8221; pos\u00edlejte na email: modelklubmb54 \u201ezavin\u00e1\u010d\u201c seznam \u201ete\u010dka\u201c cz. V p\u0159\u00edpad\u011b, \u017ee m\u00e1te jak\u00e9koliv dal\u0161\u00ed dotazy, obra\u0165te se pros\u00edm na uveden\u00fd &hellip; <a href=\"https:\/\/www.modelklubmb54.cz\/?page_id=2057\">Cel\u00fd p\u0159\u00edsp\u011bvek <span class=\"meta-nav\">&rarr;<\/span><\/a><\/p>\n","protected":false},"author":12,"featured_media":0,"parent":6,"menu_order":0,"comment_status":"closed","ping_status":"closed","template":"","meta":{"_bbp_topic_count":0,"_bbp_reply_count":0,"_bbp_total_topic_count":0,"_bbp_total_reply_count":0,"_bbp_voice_count":0,"_bbp_anonymous_reply_count":0,"_bbp_topic_count_hidden":0,"_bbp_reply_count_hidden":0,"_bbp_forum_subforum_count":0,"_s2mail":"no","spay_email":""},"jetpack_sharing_enabled":false,"_links":{"self":[{"href":"https:\/\/www.modelklubmb54.cz\/index.php?rest_route=\/wp\/v2\/pages\/2057"}],"collection":[{"href":"https:\/\/www.modelklubmb54.cz\/index.php?rest_route=\/wp\/v2\/pages"}],"about":[{"href":"https:\/\/www.modelklubmb54.cz\/index.php?rest_route=\/wp\/v2\/types\/page"}],"author":[{"embeddable":true,"href":"https:\/\/www.modelklubmb54.cz\/index.php?rest_route=\/wp\/v2\/users\/12"}],"replies":[{"embeddable":true,"href":"https:\/\/www.modelklubmb54.cz\/index.php?rest_route=%2Fwp%2Fv2%2Fcomments&post=2057"}],"version-history":[{"count":5,"href":"https:\/\/www.modelklubmb54.cz\/index.php?rest_route=\/wp\/v2\/pages\/2057\/revisions"}],"predecessor-version":[{"id":3793,"href":"https:\/\/www.modelklubmb54.cz\/index.php?rest_route=\/wp\/v2\/pages\/2057\/revisions\/3793"}],"up":[{"embeddable":true,"href":"https:\/\/www.modelklubmb54.cz\/index.php?rest_route=\/wp\/v2\/pages\/6"}],"wp:attachment":[{"href":"https:\/\/www.modelklubmb54.cz\/index.php?rest_route=%2Fwp%2Fv2%2Fmedia&parent=2057"}],"curies":[{"name":"wp","href":"https:\/\/api.w.org\/{rel}","templated":true}]}}