{"id":1968,"date":"2016-12-19T21:05:22","date_gmt":"2016-12-19T20:05:22","guid":{"rendered":"http:\/\/www.modelklubmb54.cz\/?page_id=1968"},"modified":"2021-11-30T21:50:50","modified_gmt":"2021-11-30T20:50:50","slug":"stanovy-klubu","status":"publish","type":"page","link":"https:\/\/www.modelklubmb54.cz\/?page_id=1968","title":{"rendered":"Stanovy klubu"},"content":{"rendered":"<h1>Model klub Mlad\u00e1 Boleslav, p.s., je pobo\u010dn\u00fdm spolkem Svazu Model\u00e1\u0159\u016f \u010cesk\u00e9 republiky z.s. (SM\u010cR) sdru\u017euj\u00edc\u00edm z\u00e1jemce o model\u00e1\u0159skou \u010dinnost<\/h1>\n<p><strong>Stanovy MK Mlad\u00e1 Boleslav p.s.:<\/strong> <a href=\"http:\/\/www.modelklubmb54.cz\/wp-content\/uploads\/2017\/02\/Stanovy_170330_final.pdf\">Stanovy_170330<\/a><br \/>\nStanovy SM\u010cR: <a href=\"http:\/\/www.modelklubmb54.cz\/wp-content\/uploads\/2016\/12\/Stanovy-SM\u010cR-2015-2.pdf\">Stanovy SM\u010cR 2015<\/a><\/p>\n","protected":false},"excerpt":{"rendered":"<p>Model klub Mlad\u00e1 Boleslav, p.s., je pobo\u010dn\u00fdm spolkem Svazu Model\u00e1\u0159\u016f \u010cesk\u00e9 republiky z.s. (SM\u010cR) sdru\u017euj\u00edc\u00edm z\u00e1jemce o model\u00e1\u0159skou \u010dinnost Stanovy MK Mlad\u00e1 Boleslav p.s.: Stanovy_170330 Stanovy SM\u010cR: Stanovy SM\u010cR 2015<\/p>\n","protected":false},"author":2,"featured_media":0,"parent":0,"menu_order":0,"comment_status":"closed","ping_status":"closed","template":"sidebar-page.php","meta":{"_bbp_topic_count":0,"_bbp_reply_count":0,"_bbp_total_topic_count":0,"_bbp_total_reply_count":0,"_bbp_voice_count":0,"_bbp_anonymous_reply_count":0,"_bbp_topic_count_hidden":0,"_bbp_reply_count_hidden":0,"_bbp_forum_subforum_count":0,"_s2mail":"yes","spay_email":""},"jetpack_sharing_enabled":true,"_links":{"self":[{"href":"https:\/\/www.modelklubmb54.cz\/index.php?rest_route=\/wp\/v2\/pages\/1968"}],"collection":[{"href":"https:\/\/www.modelklubmb54.cz\/index.php?rest_route=\/wp\/v2\/pages"}],"about":[{"href":"https:\/\/www.modelklubmb54.cz\/index.php?rest_route=\/wp\/v2\/types\/page"}],"author":[{"embeddable":true,"href":"https:\/\/www.modelklubmb54.cz\/index.php?rest_route=\/wp\/v2\/users\/2"}],"replies":[{"embeddable":true,"href":"https:\/\/www.modelklubmb54.cz\/index.php?rest_route=%2Fwp%2Fv2%2Fcomments&post=1968"}],"version-history":[{"count":10,"href":"https:\/\/www.modelklubmb54.cz\/index.php?rest_route=\/wp\/v2\/pages\/1968\/revisions"}],"predecessor-version":[{"id":3932,"href":"https:\/\/www.modelklubmb54.cz\/index.php?rest_route=\/wp\/v2\/pages\/1968\/revisions\/3932"}],"wp:attachment":[{"href":"https:\/\/www.modelklubmb54.cz\/index.php?rest_route=%2Fwp%2Fv2%2Fmedia&parent=1968"}],"curies":[{"name":"wp","href":"https:\/\/api.w.org\/{rel}","templated":true}]}}